{"id":72,"date":"2018-08-24T01:24:09","date_gmt":"2018-08-23T22:24:09","guid":{"rendered":"http:\/\/demo.roadthemes.com\/greenfarm\/?page_id=13"},"modified":"2023-06-24T18:12:12","modified_gmt":"2023-06-24T15:12:12","slug":"hakkimizda","status":"publish","type":"page","link":"https:\/\/merlight.com.tr\/index.php\/hakkimizda\/","title":{"rendered":"Hakk\u0131m\u0131zda"},"content":{"rendered":"[vc_row equal_height=&#8221;yes&#8221; css=&#8221;.vc_custom_1584694167124{margin-top: 65px !important;}&#8221; el_class=&#8221;row-about-1&#8243;][vc_column width=&#8221;1\/2&#8243;][vc_custom_heading text=&#8221;Merlight Ayd\u0131nlatma&#8221; use_theme_fonts=&#8221;yes&#8221;][vc_raw_html]JTNDZGl2JTIwY2xhc3MlM0QlMjJib3gtZGVzLWFib3V0JTIyJTNFJTBBJTNDaDQlM0VMaWdodCUyMCUyNiUyMExpZmUlM0MlMkZoNCUzRSUwQSUwQSUzQ3AlM0UlMEElM0NiciUzRSUwQSUzQyUyRnAlM0UlMEElM0MlMkZkaXYlM0U=[\/vc_raw_html][vc_column_text css=&#8221;.vc_custom_1687608820364{margin-top: -70px !important;}&#8221;]Merlight Ayd\u0131nlatma, yarat\u0131c\u0131 ve yenilik\u00e7i ayd\u0131nlatma \u00e7\u00f6z\u00fcmleri sunan \u00f6nc\u00fc bir \u015firkettir. 10 y\u0131l\u0131 a\u015fk\u0131n tecr\u00fcbesiyle, m\u00fc\u015fterilerimize estetik, verimlilik ve i\u015flevselli\u011fi bir arada sunan ayd\u0131nlatma \u00fcr\u00fcnleriyle hizmet veriyoruz.<\/p>\n<p>Misyonumuz, ya\u015fam alanlar\u0131n\u0131z\u0131 ve i\u015f mekanlar\u0131n\u0131z\u0131 \u0131\u015f\u0131kla d\u00f6n\u00fc\u015ft\u00fcrerek, atmosferinizi geli\u015ftirmek ve g\u00fcnl\u00fck ya\u015fam\u0131n\u0131z\u0131 kolayla\u015ft\u0131rmakt\u0131r. Her bir \u00fcr\u00fcn\u00fcm\u00fczde, kaliteli malzemeleri en son teknolojiyle birle\u015ftirerek, benzersiz ve \u00f6zg\u00fcn ayd\u0131nlatma deneyimleri sunmay\u0131 hedefliyoruz.[\/vc_column_text][\/vc_column][vc_column width=&#8221;1\/2&#8243;][vc_single_image image=&#8221;3675&#8243; img_size=&#8221;full&#8221; alignment=&#8221;center&#8221;][\/vc_column][\/vc_row][vc_row full_width=&#8221;stretch_row&#8221; equal_height=&#8221;yes&#8221; css=&#8221;.vc_custom_1584778411938{padding-top: 80px !important;padding-bottom: 45px !important;background-color: #f7f7f7 !important;}&#8221; el_class=&#8221;row-about-2&#8243;][vc_column width=&#8221;1\/2&#8243;][vc_custom_heading text=&#8221;Misyon&#8221; font_container=&#8221;tag:h3|text_align:left&#8221; use_theme_fonts=&#8221;yes&#8221;][vc_column_text css=&#8221;.vc_custom_1687609567684{padding-top: 10px !important;}&#8221;]Misyonumuz, m\u00fc\u015fterilerimize \u00f6zg\u00fcn, estetik ve enerji verimli ayd\u0131nlatma \u00e7\u00f6z\u00fcmleri sunarak ya\u015fam alanlar\u0131n\u0131 ve i\u015f mekanlar\u0131n\u0131 daha iyi hale getirmektir. M\u00fc\u015fteri odakl\u0131 yakla\u015f\u0131m\u0131m\u0131zla, her projede kaliteli \u00fcr\u00fcnler ve m\u00fckemmel hizmet sunmay\u0131 hedefliyoruz. Ayd\u0131nlatman\u0131n g\u00fcc\u00fcn\u00fc kullanarak, atmosferi de\u011fi\u015ftirip mekanlara de\u011fer katmay\u0131 ama\u00e7l\u0131yoruz.[\/vc_column_text][\/vc_column][vc_column width=&#8221;1\/2&#8243;][vc_custom_heading text=&#8221;Vizyon&#8221; font_container=&#8221;tag:h3|text_align:left&#8221; use_theme_fonts=&#8221;yes&#8221;][vc_column_text css=&#8221;.vc_custom_1687609618009{padding-top: 10px !important;}&#8221;]Vizyonumuz, ayd\u0131nlatma sekt\u00f6r\u00fcnde \u00f6nc\u00fc bir firma olmak ve yenilik\u00e7i \u00e7\u00f6z\u00fcmlerimizle sekt\u00f6rdeki liderli\u011fimizi s\u00fcrd\u00fcrmektir. Gelece\u011fin ayd\u0131nlatma trendlerini yak\u0131ndan takip ederek, teknolojik geli\u015fmeleri en iyi \u015fekilde kullan\u0131p, \u00e7evreye duyarl\u0131, s\u00fcrd\u00fcr\u00fclebilir ve verimli ayd\u0131nlatma \u00e7\u00f6z\u00fcmleri sunmak i\u00e7in s\u00fcrekli olarak ara\u015ft\u0131rma ve geli\u015ftirme faaliyetlerine \u00f6nem veriyoruz.[\/vc_column_text][\/vc_column][\/vc_row][vc_row full_width=&#8221;stretch_row&#8221; el_class=&#8221;about-leader row-about-4&#8243;][vc_column]<div class=\"heading-title style1 \"><h3>Ekibimiz<\/h3><\/div>[vc_row_inner css=&#8221;.vc_custom_1586939194154{margin-bottom: 0px !important;}&#8221;][vc_column_inner width=&#8221;1\/4&#8243; css=&#8221;.vc_custom_1584806252038{margin-bottom: 30px !important;}&#8221;][vc_single_image image=&#8221;2770&#8243; img_size=&#8221;full&#8221; alignment=&#8221;center&#8221; css=&#8221;.vc_custom_1586933536739{margin-bottom: 23px !important;}&#8221;][vc_raw_html css=&#8221;.vc_custom_1687611751513{margin-bottom: 0px !important;}&#8221; el_class=&#8221;box-leader&#8221;]JTNDZGl2JTIwY2xhc3MlM0QlMjJib3gtbGVhZGVyLXRleHQlMjIlM0UlM0NiJTNFQWQlMjBTb3lhZCUzQyUyRmIlM0UlMEElM0NwJTNFS3VydWN1JTNDJTJGcCUzRSUwQSUzQyUyRmRpdiUzRSUwQSUwQQ==[\/vc_raw_html][\/vc_column_inner][vc_column_inner width=&#8221;1\/4&#8243; css=&#8221;.vc_custom_1584806268030{margin-bottom: 30px !important;}&#8221;][vc_single_image image=&#8221;2771&#8243; img_size=&#8221;full&#8221; alignment=&#8221;center&#8221; css=&#8221;.vc_custom_1586933547720{margin-bottom: 23px !important;}&#8221;][vc_raw_html css=&#8221;.vc_custom_1687611784491{margin-bottom: 0px !important;}&#8221; el_class=&#8221;box-leader&#8221;]JTNDZGl2JTIwY2xhc3MlM0QlMjJib3gtbGVhZGVyLXRleHQlMjIlM0UlM0NiJTNFQWQlMjBTb3lhZCUzQyUyRmIlM0UlMEElM0NwJTNFTSVDMyVCQ2QlQzMlQkNyJTNDJTJGcCUzRSUwQSUzQyUyRmRpdiUzRSUwQSUwQQ==[\/vc_raw_html][\/vc_column_inner][vc_column_inner width=&#8221;1\/4&#8243; css=&#8221;.vc_custom_1584806282154{margin-bottom: 30px !important;}&#8221;][vc_single_image image=&#8221;2772&#8243; img_size=&#8221;full&#8221; alignment=&#8221;center&#8221; css=&#8221;.vc_custom_1586933559811{margin-bottom: 23px !important;}&#8221;][vc_raw_html css=&#8221;.vc_custom_1687611838442{margin-bottom: 0px !important;}&#8221; el_class=&#8221;box-leader&#8221;]JTNDZGl2JTIwY2xhc3MlM0QlMjJib3gtbGVhZGVyLXRleHQlMjIlM0UlM0NiJTNFQWQlMjBTb3lhZCUzQyUyRmIlM0UlMEElM0NwJTNFS3VydWN1JTNDJTJGcCUzRSUwQSUzQyUyRmRpdiUzRSUwQSUwQQ==[\/vc_raw_html][\/vc_column_inner][vc_column_inner width=&#8221;1\/4&#8243; css=&#8221;.vc_custom_1584806294470{margin-bottom: 30px !important;}&#8221;][vc_single_image image=&#8221;2773&#8243; img_size=&#8221;full&#8221; alignment=&#8221;center&#8221; css=&#8221;.vc_custom_1586933571019{margin-bottom: 23px !important;}&#8221;][vc_raw_html css=&#8221;.vc_custom_1687611862730{margin-bottom: 0px !important;}&#8221; el_class=&#8221;box-leader&#8221;]JTNDZGl2JTIwY2xhc3MlM0QlMjJib3gtbGVhZGVyLXRleHQlMjIlM0UlM0NiJTNFQWQlMjBTb3lhZCUzQyUyRmIlM0UlMEElM0NwJTNFS3VydWN1JTNDJTJGcCUzRSUwQSUzQyUyRmRpdiUzRSUwQSUwQQ==[\/vc_raw_html][\/vc_column_inner][\/vc_row_inner][\/vc_column][\/vc_row]\n","protected":false},"excerpt":{"rendered":"<p>[vc_row equal_height=&#8221;yes&#8221; css=&#8221;.vc_custom_1584694167124{margin-top: 65px !important;}&#8221; el_class=&#8221;row-about-1&#8243;][vc_column width=&#8221;1\/2&#8243;][vc_custom_heading text=&#8221;Merlight Ayd\u0131nlatma&#8221; use_theme_fonts=&#8221;yes&#8221;][vc_raw_html]JTNDZGl2JTIwY2xhc3MlM0QlMjJib3gtZGVzLWFib3V0JTIyJTNFJTBBJTNDaDQlM0VMaWdodCUyMCUyNiUyMExpZmUlM0MlMkZoNCUzRSUwQSUwQSUzQ3AlM0UlMEElM0NiciUzRSUwQSUzQyUyRnAlM0UlMEElM0MlMkZkaXYlM0U=[\/vc_raw_html][vc_column_text css=&#8221;.vc_custom_1687608820364{margin-top: -70px !important;}&#8221;]Merlight Ayd\u0131nlatma, yarat\u0131c\u0131 ve yenilik\u00e7i ayd\u0131nlatma \u00e7\u00f6z\u00fcmleri sunan \u00f6nc\u00fc bir \u015firkettir. 10 y\u0131l\u0131 a\u015fk\u0131n tecr\u00fcbesiyle, m\u00fc\u015fterilerimize estetik, verimlilik ve i\u015flevselli\u011fi bir arada sunan ayd\u0131nlatma \u00fcr\u00fcnleriyle hizmet veriyoruz. Misyonumuz, ya\u015fam alanlar\u0131n\u0131z\u0131 ve i\u015f mekanlar\u0131n\u0131z\u0131 \u0131\u015f\u0131kla d\u00f6n\u00fc\u015ft\u00fcrerek, atmosferinizi geli\u015ftirmek ve<\/p>\n","protected":false},"author":1,"featured_media":0,"parent":0,"menu_order":0,"comment_status":"closed","ping_status":"closed","template":"page-templates\/about-page.php","meta":{"footnotes":""},"class_list":["post-72","page","type-page","status-publish","hentry"],"_links":{"self":[{"href":"https:\/\/merlight.com.tr\/index.php\/wp-json\/wp\/v2\/pages\/72","targetHints":{"allow":["GET"]}}],"collection":[{"href":"https:\/\/merlight.com.tr\/index.php\/wp-json\/wp\/v2\/pages"}],"about":[{"href":"https:\/\/merlight.com.tr\/index.php\/wp-json\/wp\/v2\/types\/page"}],"author":[{"embeddable":true,"href":"https:\/\/merlight.com.tr\/index.php\/wp-json\/wp\/v2\/users\/1"}],"replies":[{"embeddable":true,"href":"https:\/\/merlight.com.tr\/index.php\/wp-json\/wp\/v2\/comments?post=72"}],"version-history":[{"count":5,"href":"https:\/\/merlight.com.tr\/index.php\/wp-json\/wp\/v2\/pages\/72\/revisions"}],"predecessor-version":[{"id":3682,"href":"https:\/\/merlight.com.tr\/index.php\/wp-json\/wp\/v2\/pages\/72\/revisions\/3682"}],"wp:attachment":[{"href":"https:\/\/merlight.com.tr\/index.php\/wp-json\/wp\/v2\/media?parent=72"}],"curies":[{"name":"wp","href":"https:\/\/api.w.org\/{rel}","templated":true}]}}