{"id":3533,"date":"2023-06-19T14:35:37","date_gmt":"2023-06-19T11:35:37","guid":{"rendered":"https:\/\/goldendijital.com\/merlight\/index.php\/product\/siyah-kompakt-lenslimagnet-armatur\/"},"modified":"2023-06-19T14:35:37","modified_gmt":"2023-06-19T11:35:37","slug":"siyah-kompakt-lenslimagnet-armatur","status":"publish","type":"product","link":"https:\/\/merlight.com.tr\/index.php\/urun\/siyah-kompakt-lenslimagnet-armatur\/","title":{"rendered":"Siyah Kompakt Lensli\r\nMagnet Armat\u00fcr"},"content":{"rendered":"<p>112 x 25 x 22 mm<br \/>\nG\u00fc\u00e7: 6W L\u00fcmen: 600<\/p>\n","protected":false},"excerpt":{"rendered":"<p>112 x 25 x 22 mm G\u00fc\u00e7: 6W L\u00fcmen: 600<\/p>\n","protected":false},"featured_media":3532,"comment_status":"open","ping_status":"closed","template":"","meta":[],"product_cat":[122],"product_tag":[],"class_list":["post-3533","product","type-product","status-publish","has-post-thumbnail","hentry","product_cat-magnetic-lighting"],"_links":{"self":[{"href":"https:\/\/merlight.com.tr\/index.php\/wp-json\/wp\/v2\/product\/3533","targetHints":{"allow":["GET"]}}],"collection":[{"href":"https:\/\/merlight.com.tr\/index.php\/wp-json\/wp\/v2\/product"}],"about":[{"href":"https:\/\/merlight.com.tr\/index.php\/wp-json\/wp\/v2\/types\/product"}],"replies":[{"embeddable":true,"href":"https:\/\/merlight.com.tr\/index.php\/wp-json\/wp\/v2\/comments?post=3533"}],"wp:featuredmedia":[{"embeddable":true,"href":"https:\/\/merlight.com.tr\/index.php\/wp-json\/wp\/v2\/media\/3532"}],"wp:attachment":[{"href":"https:\/\/merlight.com.tr\/index.php\/wp-json\/wp\/v2\/media?parent=3533"}],"wp:term":[{"taxonomy":"product_cat","embeddable":true,"href":"https:\/\/merlight.com.tr\/index.php\/wp-json\/wp\/v2\/product_cat?post=3533"},{"taxonomy":"product_tag","embeddable":true,"href":"https:\/\/merlight.com.tr\/index.php\/wp-json\/wp\/v2\/product_tag?post=3533"}],"curies":[{"name":"wp","href":"https:\/\/api.w.org\/{rel}","templated":true}]}}