{"id":3555,"date":"2023-06-20T13:02:17","date_gmt":"2023-06-20T10:02:17","guid":{"rendered":"https:\/\/goldendijital.com\/merlight\/index.php\/product\/siyah-kompakt-lenslimagnet-armatur-3\/"},"modified":"2023-06-20T13:02:17","modified_gmt":"2023-06-20T10:02:17","slug":"siyah-kompakt-lenslimagnet-armatur-3","status":"publish","type":"product","link":"https:\/\/merlight.com.tr\/index.php\/urun\/siyah-kompakt-lenslimagnet-armatur-3\/","title":{"rendered":"Siyah Kompakt Lensli\r\nMagnet Armat\u00fcr"},"content":{"rendered":"<p>48 V 328 x 25 x 22 mm<br \/>\nG\u00fc\u00e7: 18W L\u00fcmen: 1800<\/p>\n","protected":false},"excerpt":{"rendered":"<p>48 V 328 x 25 x 22 mm G\u00fc\u00e7: 18W L\u00fcmen: 1800<\/p>\n","protected":false},"featured_media":3554,"comment_status":"open","ping_status":"closed","template":"","meta":[],"product_cat":[122],"product_tag":[],"class_list":["post-3555","product","type-product","status-publish","has-post-thumbnail","hentry","product_cat-magnetic-lighting"],"_links":{"self":[{"href":"https:\/\/merlight.com.tr\/index.php\/wp-json\/wp\/v2\/product\/3555","targetHints":{"allow":["GET"]}}],"collection":[{"href":"https:\/\/merlight.com.tr\/index.php\/wp-json\/wp\/v2\/product"}],"about":[{"href":"https:\/\/merlight.com.tr\/index.php\/wp-json\/wp\/v2\/types\/product"}],"replies":[{"embeddable":true,"href":"https:\/\/merlight.com.tr\/index.php\/wp-json\/wp\/v2\/comments?post=3555"}],"wp:featuredmedia":[{"embeddable":true,"href":"https:\/\/merlight.com.tr\/index.php\/wp-json\/wp\/v2\/media\/3554"}],"wp:attachment":[{"href":"https:\/\/merlight.com.tr\/index.php\/wp-json\/wp\/v2\/media?parent=3555"}],"wp:term":[{"taxonomy":"product_cat","embeddable":true,"href":"https:\/\/merlight.com.tr\/index.php\/wp-json\/wp\/v2\/product_cat?post=3555"},{"taxonomy":"product_tag","embeddable":true,"href":"https:\/\/merlight.com.tr\/index.php\/wp-json\/wp\/v2\/product_tag?post=3555"}],"curies":[{"name":"wp","href":"https:\/\/api.w.org\/{rel}","templated":true}]}}