{"id":3582,"date":"2023-06-20T13:02:35","date_gmt":"2023-06-20T10:02:35","guid":{"rendered":"https:\/\/goldendijital.com\/merlight\/index.php\/product\/beyaz-kompakt-lensli-hareketli-magnet-armatur\/"},"modified":"2023-06-20T13:02:35","modified_gmt":"2023-06-20T10:02:35","slug":"beyaz-kompakt-lensli-hareketli-magnet-armatur","status":"publish","type":"product","link":"https:\/\/merlight.com.tr\/index.php\/urun\/beyaz-kompakt-lensli-hareketli-magnet-armatur\/","title":{"rendered":"Beyaz Kompakt Lensli Hareketli Magnet Armat\u00fcr"},"content":{"rendered":"<p>48 V 115 x 110 x 22 mm G\u00fc\u00e7: 6W L\u00fcmen: 600<\/p>\n","protected":false},"excerpt":{"rendered":"<p>48 V 115 x 110 x 22 mm G\u00fc\u00e7: 6W L\u00fcmen: 600<\/p>\n","protected":false},"featured_media":3581,"comment_status":"open","ping_status":"closed","template":"","meta":[],"product_cat":[122],"product_tag":[],"class_list":["post-3582","product","type-product","status-publish","has-post-thumbnail","hentry","product_cat-magnetic-lighting"],"_links":{"self":[{"href":"https:\/\/merlight.com.tr\/index.php\/wp-json\/wp\/v2\/product\/3582","targetHints":{"allow":["GET"]}}],"collection":[{"href":"https:\/\/merlight.com.tr\/index.php\/wp-json\/wp\/v2\/product"}],"about":[{"href":"https:\/\/merlight.com.tr\/index.php\/wp-json\/wp\/v2\/types\/product"}],"replies":[{"embeddable":true,"href":"https:\/\/merlight.com.tr\/index.php\/wp-json\/wp\/v2\/comments?post=3582"}],"wp:featuredmedia":[{"embeddable":true,"href":"https:\/\/merlight.com.tr\/index.php\/wp-json\/wp\/v2\/media\/3581"}],"wp:attachment":[{"href":"https:\/\/merlight.com.tr\/index.php\/wp-json\/wp\/v2\/media?parent=3582"}],"wp:term":[{"taxonomy":"product_cat","embeddable":true,"href":"https:\/\/merlight.com.tr\/index.php\/wp-json\/wp\/v2\/product_cat?post=3582"},{"taxonomy":"product_tag","embeddable":true,"href":"https:\/\/merlight.com.tr\/index.php\/wp-json\/wp\/v2\/product_tag?post=3582"}],"curies":[{"name":"wp","href":"https:\/\/api.w.org\/{rel}","templated":true}]}}