{"id":3722,"date":"2023-07-09T16:27:16","date_gmt":"2023-07-09T13:27:16","guid":{"rendered":"https:\/\/merlight.com.tr\/index.php\/urun\/30w-4000lm-mt-siva-ustu-sarkit-linear-ml-3045\/"},"modified":"2023-07-09T16:27:16","modified_gmt":"2023-07-09T13:27:16","slug":"30w-4000lm-mt-siva-ustu-sarkit-linear-ml-3045","status":"publish","type":"product","link":"https:\/\/merlight.com.tr\/index.php\/urun\/30w-4000lm-mt-siva-ustu-sarkit-linear-ml-3045\/","title":{"rendered":"30W &#8211; 4000LM \/ MT S\u0131va \u00dcst\u00fc &#038; Sark\u0131t Linear ML-3045"},"content":{"rendered":"<p>300 cm 90W L\u00fcmen: 11500 <\/p>\n","protected":false},"excerpt":{"rendered":"<p>300 cm 90W L\u00fcmen: 11500<\/p>\n","protected":false},"featured_media":3713,"comment_status":"open","ping_status":"closed","template":"","meta":[],"product_cat":[124],"product_tag":[],"class_list":["post-3722","product","type-product","status-publish","has-post-thumbnail","hentry","product_cat-siva-ustu-sarkit-linear"],"_links":{"self":[{"href":"https:\/\/merlight.com.tr\/index.php\/wp-json\/wp\/v2\/product\/3722","targetHints":{"allow":["GET"]}}],"collection":[{"href":"https:\/\/merlight.com.tr\/index.php\/wp-json\/wp\/v2\/product"}],"about":[{"href":"https:\/\/merlight.com.tr\/index.php\/wp-json\/wp\/v2\/types\/product"}],"replies":[{"embeddable":true,"href":"https:\/\/merlight.com.tr\/index.php\/wp-json\/wp\/v2\/comments?post=3722"}],"wp:featuredmedia":[{"embeddable":true,"href":"https:\/\/merlight.com.tr\/index.php\/wp-json\/wp\/v2\/media\/3713"}],"wp:attachment":[{"href":"https:\/\/merlight.com.tr\/index.php\/wp-json\/wp\/v2\/media?parent=3722"}],"wp:term":[{"taxonomy":"product_cat","embeddable":true,"href":"https:\/\/merlight.com.tr\/index.php\/wp-json\/wp\/v2\/product_cat?post=3722"},{"taxonomy":"product_tag","embeddable":true,"href":"https:\/\/merlight.com.tr\/index.php\/wp-json\/wp\/v2\/product_tag?post=3722"}],"curies":[{"name":"wp","href":"https:\/\/api.w.org\/{rel}","templated":true}]}}