{"id":3726,"date":"2023-07-09T16:27:25","date_gmt":"2023-07-09T13:27:25","guid":{"rendered":"https:\/\/merlight.com.tr\/index.php\/urun\/32w-4000lm-mt-siva-ustu-sarkit-linear-ml-3048\/"},"modified":"2023-07-09T16:27:25","modified_gmt":"2023-07-09T13:27:25","slug":"32w-4000lm-mt-siva-ustu-sarkit-linear-ml-3048","status":"publish","type":"product","link":"https:\/\/merlight.com.tr\/index.php\/urun\/32w-4000lm-mt-siva-ustu-sarkit-linear-ml-3048\/","title":{"rendered":"32W &#8211; 4000LM \/ MT S\u0131va \u00dcst\u00fc &#038; Sark\u0131t Linear ML-3048"},"content":{"rendered":"<p>100 cm 30W L\u00fcmen: 4000 <\/p>\n","protected":false},"excerpt":{"rendered":"<p>100 cm 30W L\u00fcmen: 4000<\/p>\n","protected":false},"featured_media":3723,"comment_status":"open","ping_status":"closed","template":"","meta":[],"product_cat":[124],"product_tag":[],"class_list":["post-3726","product","type-product","status-publish","has-post-thumbnail","hentry","product_cat-siva-ustu-sarkit-linear"],"_links":{"self":[{"href":"https:\/\/merlight.com.tr\/index.php\/wp-json\/wp\/v2\/product\/3726","targetHints":{"allow":["GET"]}}],"collection":[{"href":"https:\/\/merlight.com.tr\/index.php\/wp-json\/wp\/v2\/product"}],"about":[{"href":"https:\/\/merlight.com.tr\/index.php\/wp-json\/wp\/v2\/types\/product"}],"replies":[{"embeddable":true,"href":"https:\/\/merlight.com.tr\/index.php\/wp-json\/wp\/v2\/comments?post=3726"}],"wp:featuredmedia":[{"embeddable":true,"href":"https:\/\/merlight.com.tr\/index.php\/wp-json\/wp\/v2\/media\/3723"}],"wp:attachment":[{"href":"https:\/\/merlight.com.tr\/index.php\/wp-json\/wp\/v2\/media?parent=3726"}],"wp:term":[{"taxonomy":"product_cat","embeddable":true,"href":"https:\/\/merlight.com.tr\/index.php\/wp-json\/wp\/v2\/product_cat?post=3726"},{"taxonomy":"product_tag","embeddable":true,"href":"https:\/\/merlight.com.tr\/index.php\/wp-json\/wp\/v2\/product_tag?post=3726"}],"curies":[{"name":"wp","href":"https:\/\/api.w.org\/{rel}","templated":true}]}}