{"id":3740,"date":"2023-07-09T16:27:37","date_gmt":"2023-07-09T13:27:37","guid":{"rendered":"https:\/\/merlight.com.tr\/index.php\/urun\/30w-4000lm-mt-siva-ustu-sarkit-linear-ml-3061\/"},"modified":"2023-07-09T16:27:37","modified_gmt":"2023-07-09T13:27:37","slug":"30w-4000lm-mt-siva-ustu-sarkit-linear-ml-3061","status":"publish","type":"product","link":"https:\/\/merlight.com.tr\/index.php\/urun\/30w-4000lm-mt-siva-ustu-sarkit-linear-ml-3061\/","title":{"rendered":"30W &#8211; 4000LM \/ MT S\u0131va \u00dcst\u00fc &#038; Sark\u0131t Linear ML-3061"},"content":{"rendered":"<p>200 cm 60W L\u00fcmen: 8000 <\/p>\n","protected":false},"excerpt":{"rendered":"<p>200 cm 60W L\u00fcmen: 8000<\/p>\n","protected":false},"featured_media":3733,"comment_status":"open","ping_status":"closed","template":"","meta":[],"product_cat":[124],"product_tag":[],"class_list":["post-3740","product","type-product","status-publish","has-post-thumbnail","hentry","product_cat-siva-ustu-sarkit-linear"],"_links":{"self":[{"href":"https:\/\/merlight.com.tr\/index.php\/wp-json\/wp\/v2\/product\/3740","targetHints":{"allow":["GET"]}}],"collection":[{"href":"https:\/\/merlight.com.tr\/index.php\/wp-json\/wp\/v2\/product"}],"about":[{"href":"https:\/\/merlight.com.tr\/index.php\/wp-json\/wp\/v2\/types\/product"}],"replies":[{"embeddable":true,"href":"https:\/\/merlight.com.tr\/index.php\/wp-json\/wp\/v2\/comments?post=3740"}],"wp:featuredmedia":[{"embeddable":true,"href":"https:\/\/merlight.com.tr\/index.php\/wp-json\/wp\/v2\/media\/3733"}],"wp:attachment":[{"href":"https:\/\/merlight.com.tr\/index.php\/wp-json\/wp\/v2\/media?parent=3740"}],"wp:term":[{"taxonomy":"product_cat","embeddable":true,"href":"https:\/\/merlight.com.tr\/index.php\/wp-json\/wp\/v2\/product_cat?post=3740"},{"taxonomy":"product_tag","embeddable":true,"href":"https:\/\/merlight.com.tr\/index.php\/wp-json\/wp\/v2\/product_tag?post=3740"}],"curies":[{"name":"wp","href":"https:\/\/api.w.org\/{rel}","templated":true}]}}