{"id":3757,"date":"2023-07-09T16:27:59","date_gmt":"2023-07-09T13:27:59","guid":{"rendered":"https:\/\/merlight.com.tr\/index.php\/urun\/42w-5500lm-mt-siva-ustu-sarkit-linear-ml-3076\/"},"modified":"2023-07-09T16:27:59","modified_gmt":"2023-07-09T13:27:59","slug":"42w-5500lm-mt-siva-ustu-sarkit-linear-ml-3076","status":"publish","type":"product","link":"https:\/\/merlight.com.tr\/index.php\/urun\/42w-5500lm-mt-siva-ustu-sarkit-linear-ml-3076\/","title":{"rendered":"42W &#8211; 5500LM \/ MT  S\u0131va \u00dcst\u00fc &#038; Sark\u0131t Linear ML-3076"},"content":{"rendered":"<p>120 cm 50W L\u00fcmen: 6750 <\/p>\n","protected":false},"excerpt":{"rendered":"<p>120 cm 50W L\u00fcmen: 6750<\/p>\n","protected":false},"featured_media":3753,"comment_status":"open","ping_status":"closed","template":"","meta":[],"product_cat":[124],"product_tag":[],"class_list":["post-3757","product","type-product","status-publish","has-post-thumbnail","hentry","product_cat-siva-ustu-sarkit-linear"],"_links":{"self":[{"href":"https:\/\/merlight.com.tr\/index.php\/wp-json\/wp\/v2\/product\/3757","targetHints":{"allow":["GET"]}}],"collection":[{"href":"https:\/\/merlight.com.tr\/index.php\/wp-json\/wp\/v2\/product"}],"about":[{"href":"https:\/\/merlight.com.tr\/index.php\/wp-json\/wp\/v2\/types\/product"}],"replies":[{"embeddable":true,"href":"https:\/\/merlight.com.tr\/index.php\/wp-json\/wp\/v2\/comments?post=3757"}],"wp:featuredmedia":[{"embeddable":true,"href":"https:\/\/merlight.com.tr\/index.php\/wp-json\/wp\/v2\/media\/3753"}],"wp:attachment":[{"href":"https:\/\/merlight.com.tr\/index.php\/wp-json\/wp\/v2\/media?parent=3757"}],"wp:term":[{"taxonomy":"product_cat","embeddable":true,"href":"https:\/\/merlight.com.tr\/index.php\/wp-json\/wp\/v2\/product_cat?post=3757"},{"taxonomy":"product_tag","embeddable":true,"href":"https:\/\/merlight.com.tr\/index.php\/wp-json\/wp\/v2\/product_tag?post=3757"}],"curies":[{"name":"wp","href":"https:\/\/api.w.org\/{rel}","templated":true}]}}