{"id":3776,"date":"2023-07-09T16:28:20","date_gmt":"2023-07-09T13:28:20","guid":{"rendered":"https:\/\/merlight.com.tr\/index.php\/urun\/42w-5500lm-mt-siva-ustu-sarkit-linear-ml-3093\/"},"modified":"2023-07-09T16:28:20","modified_gmt":"2023-07-09T13:28:20","slug":"42w-5500lm-mt-siva-ustu-sarkit-linear-ml-3093","status":"publish","type":"product","link":"https:\/\/merlight.com.tr\/index.php\/urun\/42w-5500lm-mt-siva-ustu-sarkit-linear-ml-3093\/","title":{"rendered":"42W &#8211; 5500LM \/ MT S\u0131va \u00dcst\u00fc &#038; Sark\u0131t Linear ML-3093"},"content":{"rendered":"<p>100 cm 42W L\u00fcmen: 5500 <\/p>\n","protected":false},"excerpt":{"rendered":"<p>100 cm 42W L\u00fcmen: 5500<\/p>\n","protected":false},"featured_media":3773,"comment_status":"open","ping_status":"closed","template":"","meta":[],"product_cat":[124],"product_tag":[],"class_list":["post-3776","product","type-product","status-publish","has-post-thumbnail","hentry","product_cat-siva-ustu-sarkit-linear"],"_links":{"self":[{"href":"https:\/\/merlight.com.tr\/index.php\/wp-json\/wp\/v2\/product\/3776","targetHints":{"allow":["GET"]}}],"collection":[{"href":"https:\/\/merlight.com.tr\/index.php\/wp-json\/wp\/v2\/product"}],"about":[{"href":"https:\/\/merlight.com.tr\/index.php\/wp-json\/wp\/v2\/types\/product"}],"replies":[{"embeddable":true,"href":"https:\/\/merlight.com.tr\/index.php\/wp-json\/wp\/v2\/comments?post=3776"}],"wp:featuredmedia":[{"embeddable":true,"href":"https:\/\/merlight.com.tr\/index.php\/wp-json\/wp\/v2\/media\/3773"}],"wp:attachment":[{"href":"https:\/\/merlight.com.tr\/index.php\/wp-json\/wp\/v2\/media?parent=3776"}],"wp:term":[{"taxonomy":"product_cat","embeddable":true,"href":"https:\/\/merlight.com.tr\/index.php\/wp-json\/wp\/v2\/product_cat?post=3776"},{"taxonomy":"product_tag","embeddable":true,"href":"https:\/\/merlight.com.tr\/index.php\/wp-json\/wp\/v2\/product_tag?post=3776"}],"curies":[{"name":"wp","href":"https:\/\/api.w.org\/{rel}","templated":true}]}}