{"id":3788,"date":"2023-07-10T17:54:20","date_gmt":"2023-07-10T14:54:20","guid":{"rendered":"https:\/\/merlight.com.tr\/index.php\/urun\/siva-ustu-wallwasher-ml-4003\/"},"modified":"2025-03-11T09:14:52","modified_gmt":"2025-03-11T06:14:52","slug":"siva-ustu-wallwasher-ml-4003","status":"publish","type":"product","link":"https:\/\/merlight.com.tr\/index.php\/urun\/siva-ustu-wallwasher-ml-4003\/","title":{"rendered":"S\u0131va \u00dcst\u00fc Wallwasher ML-4003"},"content":{"rendered":"<p>30 cm 9W<\/p>\n","protected":false},"excerpt":{"rendered":"<p>30 cm 9W<\/p>\n","protected":false},"featured_media":3845,"comment_status":"open","ping_status":"closed","template":"","meta":[],"product_cat":[125],"product_tag":[],"class_list":["post-3788","product","type-product","status-publish","has-post-thumbnail","hentry","product_cat-siva-ustu-wallwasher"],"_links":{"self":[{"href":"https:\/\/merlight.com.tr\/index.php\/wp-json\/wp\/v2\/product\/3788","targetHints":{"allow":["GET"]}}],"collection":[{"href":"https:\/\/merlight.com.tr\/index.php\/wp-json\/wp\/v2\/product"}],"about":[{"href":"https:\/\/merlight.com.tr\/index.php\/wp-json\/wp\/v2\/types\/product"}],"replies":[{"embeddable":true,"href":"https:\/\/merlight.com.tr\/index.php\/wp-json\/wp\/v2\/comments?post=3788"}],"wp:featuredmedia":[{"embeddable":true,"href":"https:\/\/merlight.com.tr\/index.php\/wp-json\/wp\/v2\/media\/3845"}],"wp:attachment":[{"href":"https:\/\/merlight.com.tr\/index.php\/wp-json\/wp\/v2\/media?parent=3788"}],"wp:term":[{"taxonomy":"product_cat","embeddable":true,"href":"https:\/\/merlight.com.tr\/index.php\/wp-json\/wp\/v2\/product_cat?post=3788"},{"taxonomy":"product_tag","embeddable":true,"href":"https:\/\/merlight.com.tr\/index.php\/wp-json\/wp\/v2\/product_tag?post=3788"}],"curies":[{"name":"wp","href":"https:\/\/api.w.org\/{rel}","templated":true}]}}