{"id":3802,"date":"2023-07-11T12:38:19","date_gmt":"2023-07-11T09:38:19","guid":{"rendered":"https:\/\/merlight.com.tr\/index.php\/urun\/siva-alti-wallwasher-ml-4011\/"},"modified":"2023-07-11T12:38:19","modified_gmt":"2023-07-11T09:38:19","slug":"siva-alti-wallwasher-ml-4011","status":"publish","type":"product","link":"https:\/\/merlight.com.tr\/index.php\/urun\/siva-alti-wallwasher-ml-4011\/","title":{"rendered":"S\u0131va Alt\u0131 Wallwasher ML-4011"},"content":{"rendered":"<p>6W Paslanmaz \u00d6l\u00e7\u00fcs\u00fc: 240 x 90 mm Kasa \u00d6l\u00e7\u00fcs\u00fc: 180 x 62 x 67 mm <\/p>\n","protected":false},"excerpt":{"rendered":"<p>6W Paslanmaz \u00d6l\u00e7\u00fcs\u00fc: 240 x 90 mm Kasa \u00d6l\u00e7\u00fcs\u00fc: 180 x 62 x 67 mm<\/p>\n","protected":false},"featured_media":3800,"comment_status":"open","ping_status":"closed","template":"","meta":[],"product_cat":[126],"product_tag":[],"class_list":["post-3802","product","type-product","status-publish","has-post-thumbnail","hentry","product_cat-siva-alti-wallwasher"],"_links":{"self":[{"href":"https:\/\/merlight.com.tr\/index.php\/wp-json\/wp\/v2\/product\/3802","targetHints":{"allow":["GET"]}}],"collection":[{"href":"https:\/\/merlight.com.tr\/index.php\/wp-json\/wp\/v2\/product"}],"about":[{"href":"https:\/\/merlight.com.tr\/index.php\/wp-json\/wp\/v2\/types\/product"}],"replies":[{"embeddable":true,"href":"https:\/\/merlight.com.tr\/index.php\/wp-json\/wp\/v2\/comments?post=3802"}],"wp:featuredmedia":[{"embeddable":true,"href":"https:\/\/merlight.com.tr\/index.php\/wp-json\/wp\/v2\/media\/3800"}],"wp:attachment":[{"href":"https:\/\/merlight.com.tr\/index.php\/wp-json\/wp\/v2\/media?parent=3802"}],"wp:term":[{"taxonomy":"product_cat","embeddable":true,"href":"https:\/\/merlight.com.tr\/index.php\/wp-json\/wp\/v2\/product_cat?post=3802"},{"taxonomy":"product_tag","embeddable":true,"href":"https:\/\/merlight.com.tr\/index.php\/wp-json\/wp\/v2\/product_tag?post=3802"}],"curies":[{"name":"wp","href":"https:\/\/api.w.org\/{rel}","templated":true}]}}