{"id":3812,"date":"2023-07-11T12:38:24","date_gmt":"2023-07-11T09:38:24","guid":{"rendered":"https:\/\/merlight.com.tr\/index.php\/urun\/siva-alti-wallwasher-ml-4021\/"},"modified":"2023-07-11T12:38:24","modified_gmt":"2023-07-11T09:38:24","slug":"siva-alti-wallwasher-ml-4021","status":"publish","type":"product","link":"https:\/\/merlight.com.tr\/index.php\/urun\/siva-alti-wallwasher-ml-4021\/","title":{"rendered":"S\u0131va Alt\u0131 Wallwasher ML-4021"},"content":{"rendered":"<p>18W Beton Kasa \u00d6l\u00e7\u00fcs\u00fc: 510 x 70 x 70 mm <\/p>\n","protected":false},"excerpt":{"rendered":"<p>18W Beton Kasa \u00d6l\u00e7\u00fcs\u00fc: 510 x 70 x 70 mm<\/p>\n","protected":false},"featured_media":3800,"comment_status":"open","ping_status":"closed","template":"","meta":[],"product_cat":[126],"product_tag":[],"class_list":["post-3812","product","type-product","status-publish","has-post-thumbnail","hentry","product_cat-siva-alti-wallwasher"],"_links":{"self":[{"href":"https:\/\/merlight.com.tr\/index.php\/wp-json\/wp\/v2\/product\/3812","targetHints":{"allow":["GET"]}}],"collection":[{"href":"https:\/\/merlight.com.tr\/index.php\/wp-json\/wp\/v2\/product"}],"about":[{"href":"https:\/\/merlight.com.tr\/index.php\/wp-json\/wp\/v2\/types\/product"}],"replies":[{"embeddable":true,"href":"https:\/\/merlight.com.tr\/index.php\/wp-json\/wp\/v2\/comments?post=3812"}],"wp:featuredmedia":[{"embeddable":true,"href":"https:\/\/merlight.com.tr\/index.php\/wp-json\/wp\/v2\/media\/3800"}],"wp:attachment":[{"href":"https:\/\/merlight.com.tr\/index.php\/wp-json\/wp\/v2\/media?parent=3812"}],"wp:term":[{"taxonomy":"product_cat","embeddable":true,"href":"https:\/\/merlight.com.tr\/index.php\/wp-json\/wp\/v2\/product_cat?post=3812"},{"taxonomy":"product_tag","embeddable":true,"href":"https:\/\/merlight.com.tr\/index.php\/wp-json\/wp\/v2\/product_tag?post=3812"}],"curies":[{"name":"wp","href":"https:\/\/api.w.org\/{rel}","templated":true}]}}