{"id":3882,"date":"2023-07-11T15:53:56","date_gmt":"2023-07-11T12:53:56","guid":{"rendered":"https:\/\/merlight.com.tr\/index.php\/urun\/altigen-dekoratif-linear-ml-5057\/"},"modified":"2023-07-11T15:53:56","modified_gmt":"2023-07-11T12:53:56","slug":"altigen-dekoratif-linear-ml-5057","status":"publish","type":"product","link":"https:\/\/merlight.com.tr\/index.php\/urun\/altigen-dekoratif-linear-ml-5057\/","title":{"rendered":"Alt\u0131gen Dekoratif Linear ML-5057"},"content":{"rendered":"<p>\u00d890 cm &#038; 45 cm Kenar 80W L\u00fcmen: 10500 <\/p>\n","protected":false},"excerpt":{"rendered":"<p>\u00d890 cm &#038; 45 cm Kenar 80W L\u00fcmen: 10500<\/p>\n","protected":false},"featured_media":3880,"comment_status":"open","ping_status":"closed","template":"","meta":[],"product_cat":[131],"product_tag":[],"class_list":["post-3882","product","type-product","status-publish","has-post-thumbnail","hentry","product_cat-altigen-dekoratif-linear"],"_links":{"self":[{"href":"https:\/\/merlight.com.tr\/index.php\/wp-json\/wp\/v2\/product\/3882","targetHints":{"allow":["GET"]}}],"collection":[{"href":"https:\/\/merlight.com.tr\/index.php\/wp-json\/wp\/v2\/product"}],"about":[{"href":"https:\/\/merlight.com.tr\/index.php\/wp-json\/wp\/v2\/types\/product"}],"replies":[{"embeddable":true,"href":"https:\/\/merlight.com.tr\/index.php\/wp-json\/wp\/v2\/comments?post=3882"}],"wp:featuredmedia":[{"embeddable":true,"href":"https:\/\/merlight.com.tr\/index.php\/wp-json\/wp\/v2\/media\/3880"}],"wp:attachment":[{"href":"https:\/\/merlight.com.tr\/index.php\/wp-json\/wp\/v2\/media?parent=3882"}],"wp:term":[{"taxonomy":"product_cat","embeddable":true,"href":"https:\/\/merlight.com.tr\/index.php\/wp-json\/wp\/v2\/product_cat?post=3882"},{"taxonomy":"product_tag","embeddable":true,"href":"https:\/\/merlight.com.tr\/index.php\/wp-json\/wp\/v2\/product_tag?post=3882"}],"curies":[{"name":"wp","href":"https:\/\/api.w.org\/{rel}","templated":true}]}}